{"id":347,"date":"2021-02-05T00:00:00","date_gmt":"2021-02-04T23:00:00","guid":{"rendered":"https:\/\/www.sepanet.it\/software\/gestionescadenzario\/registrazione\/"},"modified":"2024-05-13T20:56:33","modified_gmt":"2024-05-13T18:56:33","slug":"registrazione","status":"publish","type":"page","link":"https:\/\/www.sepanet.it\/software\/gestionescadenzario\/registrazione\/","title":{"rendered":"Registrazione"},"content":{"rendered":"\n<h2 class=\"wp-block-heading\">Registrazione<\/h2>\n\n\n\n<p>La registrazione di Gestione Scadenzario 1.0 costa <strong>solo 39 euro<\/strong> <strong>una tantum <\/strong>e consente di ottenere il codice seriale per lo sblocco delle limitazioni della versione di valutazione scaricabile da questo sito.<\/p>\n\n\n\n<p>E&#8217; possibile pagare on line tramite&nbsp;<strong>Paypal<\/strong>&nbsp;o tramite&nbsp;<strong>carta di credito<\/strong>&nbsp;con transazione sicura mediante il circuito Paypal cliccando sul pulsante &#8220;Paga adesso&#8221; presente in pagina. Sono possibili altre modalit\u00e0 di pagamento (ricarica&nbsp;<strong>Postepay<\/strong>,&nbsp;<strong>bonifico bancario<\/strong>&nbsp;o&nbsp;<strong>vaglia postale<\/strong>); per questi ultimi potete chiedere informazioni scrivendo a&nbsp;<strong><a href=\"mailto:gestionescadenzario@sepanet.it\">gestionescadenzario@sepanet.it<\/a><\/strong><\/p>\n\n\n\n<form action=\"https:\/\/www.paypal.com\/cgi-bin\/webscr\" method=\"post\">\n<input type=\"hidden\" name=\"cmd\" value=\"_s-xclick\">\n<input type=\"hidden\" name=\"hosted_button_id\" value=\"DUJ5BCHEVWWRU\">\n<input type=\"image\" style=\"width:auto;\" src=\"https:\/\/www.paypalobjects.com\/it_IT\/IT\/i\/btn\/btn_paynowCC_LG.gif\" border=\"0\" name=\"submit\" alt=\"PayPal - Il metodo rapido, affidabile e innovativo per pagare e farsi pagare.\">\n<img loading=\"lazy\" decoding=\"async\" alt=\"\" border=\"0\" src=\"https:\/\/www.paypalobjects.com\/it_IT\/i\/scr\/pixel.gif\" width=\"1\" height=\"1\">\n<\/form>\n\n\n\n<p>Prima di eseguire la registrazione, si invitano gli utenti a provare tutte le funzionalit\u00e0 offerte dal software in versione di valutazione, in modo da verificare, prima del pagamento, l&#8217;effettiva corrispondenza del software alle proprie necessit\u00e0. All&#8217;atto della registrazione l&#8217;utente accetta il software &#8220;cos\u00ec com&#8217;\u00e8&#8221;.<br><br><strong>Nota bene: l&#8217;invio del codice di registrazione non \u00e8 automatico ma avverr\u00e0, al massimo, entro 1 giorno lavorativo dal pagamento.<\/strong><\/p>\n","protected":false},"excerpt":{"rendered":"<p>Registrazione La registrazione di Gestione Scadenzario 1.0 costa solo 39 euro una tantum e consente di ottenere il codice seriale per lo sblocco delle limitazioni della versione di valutazione scaricabile da questo sito. E&#8217; possibile pagare on line tramite&nbsp;Paypal&nbsp;o tramite&nbsp;carta di credito&nbsp;con transazione sicura mediante il circuito Paypal cliccando sul pulsante &#8220;Paga adesso&#8221; presente in&hellip; <br \/> <a class=\"read-more\" href=\"https:\/\/www.sepanet.it\/software\/gestionescadenzario\/registrazione\/\">Leggi tutto<\/a><\/p>\n","protected":false},"author":1,"featured_media":0,"parent":0,"menu_order":0,"comment_status":"open","ping_status":"open","template":"","meta":{"footnotes":""},"class_list":["post-347","page","type-page","status-publish","hentry"],"yoast_head":"<!-- This site is optimized with the Yoast SEO plugin v24.7 - https:\/\/yoast.com\/wordpress\/plugins\/seo\/ -->\r\n<title>Registrazione - Software Gestione Scadenzario - Il software gestionale completo per la gestione, la pianificazione ed il monitoraggio delle tue scadenze<\/title>\r\n<meta name=\"robots\" content=\"index, follow, max-snippet:-1, max-image-preview:large, max-video-preview:-1\" \/>\r\n<link rel=\"canonical\" href=\"https:\/\/www.sepanet.it\/software\/gestionescadenzario\/registrazione\/\" \/>\r\n<meta property=\"og:locale\" content=\"it_IT\" \/>\r\n<meta property=\"og:type\" content=\"article\" \/>\r\n<meta property=\"og:title\" content=\"Registrazione - Software Gestione Scadenzario - Il software gestionale completo per la gestione, la pianificazione ed il monitoraggio delle tue scadenze\" \/>\r\n<meta property=\"og:description\" content=\"Registrazione La registrazione di Gestione Scadenzario 1.0 costa solo 39 euro una tantum e consente di ottenere il codice seriale per lo sblocco delle limitazioni della versione di valutazione scaricabile da questo sito. E&#8217; possibile pagare on line tramite&nbsp;Paypal&nbsp;o tramite&nbsp;carta di credito&nbsp;con transazione sicura mediante il circuito Paypal cliccando sul pulsante &#8220;Paga adesso&#8221; presente in&hellip; Leggi tutto\" \/>\r\n<meta property=\"og:url\" content=\"https:\/\/www.sepanet.it\/software\/gestionescadenzario\/registrazione\/\" \/>\r\n<meta property=\"og:site_name\" content=\"Software Gestione Scadenzario\" \/>\r\n<meta property=\"article:modified_time\" content=\"2024-05-13T18:56:33+00:00\" \/>\r\n<meta property=\"og:image\" content=\"https:\/\/www.paypalobjects.com\/it_IT\/i\/scr\/pixel.gif\" \/>\r\n<meta name=\"twitter:card\" content=\"summary_large_image\" \/>\r\n<meta name=\"twitter:label1\" content=\"Tempo di lettura stimato\" \/>\n\t<meta name=\"twitter:data1\" content=\"1 minuto\" \/>\r\n<script type=\"application\/ld+json\" class=\"yoast-schema-graph\">{\"@context\":\"https:\/\/schema.org\",\"@graph\":[{\"@type\":\"WebPage\",\"@id\":\"https:\/\/www.sepanet.it\/software\/gestionescadenzario\/registrazione\/\",\"url\":\"https:\/\/www.sepanet.it\/software\/gestionescadenzario\/registrazione\/\",\"name\":\"Registrazione - Software Gestione Scadenzario - Il software gestionale completo per la gestione, la pianificazione ed il monitoraggio delle tue scadenze\",\"isPartOf\":{\"@id\":\"https:\/\/www.sepanet.it\/software\/gestionescadenzario\/#website\"},\"primaryImageOfPage\":{\"@id\":\"https:\/\/www.sepanet.it\/software\/gestionescadenzario\/registrazione\/#primaryimage\"},\"image\":{\"@id\":\"https:\/\/www.sepanet.it\/software\/gestionescadenzario\/registrazione\/#primaryimage\"},\"thumbnailUrl\":\"https:\/\/www.paypalobjects.com\/it_IT\/i\/scr\/pixel.gif\",\"datePublished\":\"2021-02-04T23:00:00+00:00\",\"dateModified\":\"2024-05-13T18:56:33+00:00\",\"breadcrumb\":{\"@id\":\"https:\/\/www.sepanet.it\/software\/gestionescadenzario\/registrazione\/#breadcrumb\"},\"inLanguage\":\"it-IT\",\"potentialAction\":[{\"@type\":\"ReadAction\",\"target\":[\"https:\/\/www.sepanet.it\/software\/gestionescadenzario\/registrazione\/\"]}]},{\"@type\":\"ImageObject\",\"inLanguage\":\"it-IT\",\"@id\":\"https:\/\/www.sepanet.it\/software\/gestionescadenzario\/registrazione\/#primaryimage\",\"url\":\"https:\/\/www.paypalobjects.com\/it_IT\/i\/scr\/pixel.gif\",\"contentUrl\":\"https:\/\/www.paypalobjects.com\/it_IT\/i\/scr\/pixel.gif\"},{\"@type\":\"BreadcrumbList\",\"@id\":\"https:\/\/www.sepanet.it\/software\/gestionescadenzario\/registrazione\/#breadcrumb\",\"itemListElement\":[{\"@type\":\"ListItem\",\"position\":1,\"name\":\"Home\",\"item\":\"https:\/\/www.sepanet.it\/software\/gestionescadenzario\/\"},{\"@type\":\"ListItem\",\"position\":2,\"name\":\"Registrazione\"}]},{\"@type\":\"WebSite\",\"@id\":\"https:\/\/www.sepanet.it\/software\/gestionescadenzario\/#website\",\"url\":\"https:\/\/www.sepanet.it\/software\/gestionescadenzario\/\",\"name\":\"Software Gestione Scadenzario\",\"description\":\"Il software gestionale completo per la gestione, la pianificazione ed il monitoraggio delle tue scadenze\",\"potentialAction\":[{\"@type\":\"SearchAction\",\"target\":{\"@type\":\"EntryPoint\",\"urlTemplate\":\"https:\/\/www.sepanet.it\/software\/gestionescadenzario\/?s={search_term_string}\"},\"query-input\":{\"@type\":\"PropertyValueSpecification\",\"valueRequired\":true,\"valueName\":\"search_term_string\"}}],\"inLanguage\":\"it-IT\"}]}<\/script>\r\n<!-- \/ Yoast SEO plugin. -->","yoast_head_json":{"title":"Registrazione - Software Gestione Scadenzario - Il software gestionale completo per la gestione, la pianificazione ed il monitoraggio delle tue scadenze","robots":{"index":"index","follow":"follow","max-snippet":"max-snippet:-1","max-image-preview":"max-image-preview:large","max-video-preview":"max-video-preview:-1"},"canonical":"https:\/\/www.sepanet.it\/software\/gestionescadenzario\/registrazione\/","og_locale":"it_IT","og_type":"article","og_title":"Registrazione - Software Gestione Scadenzario - Il software gestionale completo per la gestione, la pianificazione ed il monitoraggio delle tue scadenze","og_description":"Registrazione La registrazione di Gestione Scadenzario 1.0 costa solo 39 euro una tantum e consente di ottenere il codice seriale per lo sblocco delle limitazioni della versione di valutazione scaricabile da questo sito. E&#8217; possibile pagare on line tramite&nbsp;Paypal&nbsp;o tramite&nbsp;carta di credito&nbsp;con transazione sicura mediante il circuito Paypal cliccando sul pulsante &#8220;Paga adesso&#8221; presente in&hellip; Leggi tutto","og_url":"https:\/\/www.sepanet.it\/software\/gestionescadenzario\/registrazione\/","og_site_name":"Software Gestione Scadenzario","article_modified_time":"2024-05-13T18:56:33+00:00","og_image":[{"url":"https:\/\/www.paypalobjects.com\/it_IT\/i\/scr\/pixel.gif","type":"","width":"","height":""}],"twitter_card":"summary_large_image","twitter_misc":{"Tempo di lettura stimato":"1 minuto"},"schema":{"@context":"https:\/\/schema.org","@graph":[{"@type":"WebPage","@id":"https:\/\/www.sepanet.it\/software\/gestionescadenzario\/registrazione\/","url":"https:\/\/www.sepanet.it\/software\/gestionescadenzario\/registrazione\/","name":"Registrazione - Software Gestione Scadenzario - Il software gestionale completo per la gestione, la pianificazione ed il monitoraggio delle tue scadenze","isPartOf":{"@id":"https:\/\/www.sepanet.it\/software\/gestionescadenzario\/#website"},"primaryImageOfPage":{"@id":"https:\/\/www.sepanet.it\/software\/gestionescadenzario\/registrazione\/#primaryimage"},"image":{"@id":"https:\/\/www.sepanet.it\/software\/gestionescadenzario\/registrazione\/#primaryimage"},"thumbnailUrl":"https:\/\/www.paypalobjects.com\/it_IT\/i\/scr\/pixel.gif","datePublished":"2021-02-04T23:00:00+00:00","dateModified":"2024-05-13T18:56:33+00:00","breadcrumb":{"@id":"https:\/\/www.sepanet.it\/software\/gestionescadenzario\/registrazione\/#breadcrumb"},"inLanguage":"it-IT","potentialAction":[{"@type":"ReadAction","target":["https:\/\/www.sepanet.it\/software\/gestionescadenzario\/registrazione\/"]}]},{"@type":"ImageObject","inLanguage":"it-IT","@id":"https:\/\/www.sepanet.it\/software\/gestionescadenzario\/registrazione\/#primaryimage","url":"https:\/\/www.paypalobjects.com\/it_IT\/i\/scr\/pixel.gif","contentUrl":"https:\/\/www.paypalobjects.com\/it_IT\/i\/scr\/pixel.gif"},{"@type":"BreadcrumbList","@id":"https:\/\/www.sepanet.it\/software\/gestionescadenzario\/registrazione\/#breadcrumb","itemListElement":[{"@type":"ListItem","position":1,"name":"Home","item":"https:\/\/www.sepanet.it\/software\/gestionescadenzario\/"},{"@type":"ListItem","position":2,"name":"Registrazione"}]},{"@type":"WebSite","@id":"https:\/\/www.sepanet.it\/software\/gestionescadenzario\/#website","url":"https:\/\/www.sepanet.it\/software\/gestionescadenzario\/","name":"Software Gestione Scadenzario","description":"Il software gestionale completo per la gestione, la pianificazione ed il monitoraggio delle tue scadenze","potentialAction":[{"@type":"SearchAction","target":{"@type":"EntryPoint","urlTemplate":"https:\/\/www.sepanet.it\/software\/gestionescadenzario\/?s={search_term_string}"},"query-input":{"@type":"PropertyValueSpecification","valueRequired":true,"valueName":"search_term_string"}}],"inLanguage":"it-IT"}]}},"_links":{"self":[{"href":"https:\/\/www.sepanet.it\/software\/gestionescadenzario\/wp-json\/wp\/v2\/pages\/347","targetHints":{"allow":["GET"]}}],"collection":[{"href":"https:\/\/www.sepanet.it\/software\/gestionescadenzario\/wp-json\/wp\/v2\/pages"}],"about":[{"href":"https:\/\/www.sepanet.it\/software\/gestionescadenzario\/wp-json\/wp\/v2\/types\/page"}],"author":[{"embeddable":true,"href":"https:\/\/www.sepanet.it\/software\/gestionescadenzario\/wp-json\/wp\/v2\/users\/1"}],"replies":[{"embeddable":true,"href":"https:\/\/www.sepanet.it\/software\/gestionescadenzario\/wp-json\/wp\/v2\/comments?post=347"}],"version-history":[{"count":3,"href":"https:\/\/www.sepanet.it\/software\/gestionescadenzario\/wp-json\/wp\/v2\/pages\/347\/revisions"}],"predecessor-version":[{"id":436,"href":"https:\/\/www.sepanet.it\/software\/gestionescadenzario\/wp-json\/wp\/v2\/pages\/347\/revisions\/436"}],"wp:attachment":[{"href":"https:\/\/www.sepanet.it\/software\/gestionescadenzario\/wp-json\/wp\/v2\/media?parent=347"}],"curies":[{"name":"wp","href":"https:\/\/api.w.org\/{rel}","templated":true}]}}