{"id":348,"date":"2021-02-05T00:00:00","date_gmt":"2021-02-04T23:00:00","guid":{"rendered":"https:\/\/www.sepanet.it\/software\/gestionescadenzario\/scarica-gratis\/"},"modified":"2021-02-09T13:59:08","modified_gmt":"2021-02-09T12:59:08","slug":"scarica-gratis","status":"publish","type":"page","link":"https:\/\/www.sepanet.it\/software\/gestionescadenzario\/scarica-gratis\/","title":{"rendered":"Scarica GRATIS"},"content":{"rendered":"\n<p><strong><a href=\"https:\/\/sepanet.it\/gestionescadenzario\/gestionescadenzario1.zip\">Clicca qui<\/a><\/strong>&nbsp;per scaricare&nbsp;<strong>gratuitamente<\/strong>&nbsp;la versione di valutazione di Gestione Scadenzario 1.0.<\/p>\n\n\n\n<p>La versione di valutazione consente di gestire al massimo cinque contatti ed al massimo cinque scadenze, cos\u00ec da consentire una valutazione complessiva del prodotto per verificare se \u00e8 conforme alle proprie necessit\u00e0.<br>Una volta provato il software, si potr\u00e0 optare per ottenere la versione senza limitazioni, registrando il software e quindi ricevendo il codice seriale di sblocco.<\/p>\n","protected":false},"excerpt":{"rendered":"<p>Clicca qui&nbsp;per scaricare&nbsp;gratuitamente&nbsp;la versione di valutazione di Gestione Scadenzario 1.0. La versione di valutazione consente di gestire al massimo cinque contatti ed al massimo cinque scadenze, cos\u00ec da consentire una valutazione complessiva del prodotto per verificare se \u00e8 conforme alle proprie necessit\u00e0.Una volta provato il software, si potr\u00e0 optare per ottenere la versione senza limitazioni,&hellip; <br \/> <a class=\"read-more\" href=\"https:\/\/www.sepanet.it\/software\/gestionescadenzario\/scarica-gratis\/\">Leggi tutto<\/a><\/p>\n","protected":false},"author":1,"featured_media":0,"parent":0,"menu_order":0,"comment_status":"open","ping_status":"open","template":"","meta":{"footnotes":""},"class_list":["post-348","page","type-page","status-publish","hentry"],"yoast_head":"<!-- This site is optimized with the Yoast SEO plugin v24.7 - https:\/\/yoast.com\/wordpress\/plugins\/seo\/ -->\r\n<title>Scarica GRATIS - Software Gestione Scadenzario - Il software gestionale completo per la gestione, la pianificazione ed il monitoraggio delle tue scadenze<\/title>\r\n<meta name=\"robots\" content=\"index, follow, max-snippet:-1, max-image-preview:large, max-video-preview:-1\" \/>\r\n<link rel=\"canonical\" href=\"https:\/\/www.sepanet.it\/software\/gestionescadenzario\/scarica-gratis\/\" \/>\r\n<meta property=\"og:locale\" content=\"it_IT\" \/>\r\n<meta property=\"og:type\" content=\"article\" \/>\r\n<meta property=\"og:title\" content=\"Scarica GRATIS - Software Gestione Scadenzario - Il software gestionale completo per la gestione, la pianificazione ed il monitoraggio delle tue scadenze\" \/>\r\n<meta property=\"og:description\" content=\"Clicca qui&nbsp;per scaricare&nbsp;gratuitamente&nbsp;la versione di valutazione di Gestione Scadenzario 1.0. La versione di valutazione consente di gestire al massimo cinque contatti ed al massimo cinque scadenze, cos\u00ec da consentire una valutazione complessiva del prodotto per verificare se \u00e8 conforme alle proprie necessit\u00e0.Una volta provato il software, si potr\u00e0 optare per ottenere la versione senza limitazioni,&hellip; Leggi tutto\" \/>\r\n<meta property=\"og:url\" content=\"https:\/\/www.sepanet.it\/software\/gestionescadenzario\/scarica-gratis\/\" \/>\r\n<meta property=\"og:site_name\" content=\"Software Gestione Scadenzario\" \/>\r\n<meta property=\"article:modified_time\" content=\"2021-02-09T12:59:08+00:00\" \/>\r\n<meta name=\"twitter:card\" content=\"summary_large_image\" \/>\r\n<meta name=\"twitter:label1\" content=\"Tempo di lettura stimato\" \/>\n\t<meta name=\"twitter:data1\" content=\"1 minuto\" \/>\r\n<script type=\"application\/ld+json\" class=\"yoast-schema-graph\">{\"@context\":\"https:\/\/schema.org\",\"@graph\":[{\"@type\":\"WebPage\",\"@id\":\"https:\/\/www.sepanet.it\/software\/gestionescadenzario\/scarica-gratis\/\",\"url\":\"https:\/\/www.sepanet.it\/software\/gestionescadenzario\/scarica-gratis\/\",\"name\":\"Scarica GRATIS - Software Gestione Scadenzario - Il software gestionale completo per la gestione, la pianificazione ed il monitoraggio delle tue scadenze\",\"isPartOf\":{\"@id\":\"https:\/\/www.sepanet.it\/software\/gestionescadenzario\/#website\"},\"datePublished\":\"2021-02-04T23:00:00+00:00\",\"dateModified\":\"2021-02-09T12:59:08+00:00\",\"breadcrumb\":{\"@id\":\"https:\/\/www.sepanet.it\/software\/gestionescadenzario\/scarica-gratis\/#breadcrumb\"},\"inLanguage\":\"it-IT\",\"potentialAction\":[{\"@type\":\"ReadAction\",\"target\":[\"https:\/\/www.sepanet.it\/software\/gestionescadenzario\/scarica-gratis\/\"]}]},{\"@type\":\"BreadcrumbList\",\"@id\":\"https:\/\/www.sepanet.it\/software\/gestionescadenzario\/scarica-gratis\/#breadcrumb\",\"itemListElement\":[{\"@type\":\"ListItem\",\"position\":1,\"name\":\"Home\",\"item\":\"https:\/\/www.sepanet.it\/software\/gestionescadenzario\/\"},{\"@type\":\"ListItem\",\"position\":2,\"name\":\"Scarica GRATIS\"}]},{\"@type\":\"WebSite\",\"@id\":\"https:\/\/www.sepanet.it\/software\/gestionescadenzario\/#website\",\"url\":\"https:\/\/www.sepanet.it\/software\/gestionescadenzario\/\",\"name\":\"Software Gestione Scadenzario\",\"description\":\"Il software gestionale completo per la gestione, la pianificazione ed il monitoraggio delle tue scadenze\",\"potentialAction\":[{\"@type\":\"SearchAction\",\"target\":{\"@type\":\"EntryPoint\",\"urlTemplate\":\"https:\/\/www.sepanet.it\/software\/gestionescadenzario\/?s={search_term_string}\"},\"query-input\":{\"@type\":\"PropertyValueSpecification\",\"valueRequired\":true,\"valueName\":\"search_term_string\"}}],\"inLanguage\":\"it-IT\"}]}<\/script>\r\n<!-- \/ Yoast SEO plugin. -->","yoast_head_json":{"title":"Scarica GRATIS - Software Gestione Scadenzario - Il software gestionale completo per la gestione, la pianificazione ed il monitoraggio delle tue scadenze","robots":{"index":"index","follow":"follow","max-snippet":"max-snippet:-1","max-image-preview":"max-image-preview:large","max-video-preview":"max-video-preview:-1"},"canonical":"https:\/\/www.sepanet.it\/software\/gestionescadenzario\/scarica-gratis\/","og_locale":"it_IT","og_type":"article","og_title":"Scarica GRATIS - Software Gestione Scadenzario - Il software gestionale completo per la gestione, la pianificazione ed il monitoraggio delle tue scadenze","og_description":"Clicca qui&nbsp;per scaricare&nbsp;gratuitamente&nbsp;la versione di valutazione di Gestione Scadenzario 1.0. La versione di valutazione consente di gestire al massimo cinque contatti ed al massimo cinque scadenze, cos\u00ec da consentire una valutazione complessiva del prodotto per verificare se \u00e8 conforme alle proprie necessit\u00e0.Una volta provato il software, si potr\u00e0 optare per ottenere la versione senza limitazioni,&hellip; Leggi tutto","og_url":"https:\/\/www.sepanet.it\/software\/gestionescadenzario\/scarica-gratis\/","og_site_name":"Software Gestione Scadenzario","article_modified_time":"2021-02-09T12:59:08+00:00","twitter_card":"summary_large_image","twitter_misc":{"Tempo di lettura stimato":"1 minuto"},"schema":{"@context":"https:\/\/schema.org","@graph":[{"@type":"WebPage","@id":"https:\/\/www.sepanet.it\/software\/gestionescadenzario\/scarica-gratis\/","url":"https:\/\/www.sepanet.it\/software\/gestionescadenzario\/scarica-gratis\/","name":"Scarica GRATIS - Software Gestione Scadenzario - Il software gestionale completo per la gestione, la pianificazione ed il monitoraggio delle tue scadenze","isPartOf":{"@id":"https:\/\/www.sepanet.it\/software\/gestionescadenzario\/#website"},"datePublished":"2021-02-04T23:00:00+00:00","dateModified":"2021-02-09T12:59:08+00:00","breadcrumb":{"@id":"https:\/\/www.sepanet.it\/software\/gestionescadenzario\/scarica-gratis\/#breadcrumb"},"inLanguage":"it-IT","potentialAction":[{"@type":"ReadAction","target":["https:\/\/www.sepanet.it\/software\/gestionescadenzario\/scarica-gratis\/"]}]},{"@type":"BreadcrumbList","@id":"https:\/\/www.sepanet.it\/software\/gestionescadenzario\/scarica-gratis\/#breadcrumb","itemListElement":[{"@type":"ListItem","position":1,"name":"Home","item":"https:\/\/www.sepanet.it\/software\/gestionescadenzario\/"},{"@type":"ListItem","position":2,"name":"Scarica GRATIS"}]},{"@type":"WebSite","@id":"https:\/\/www.sepanet.it\/software\/gestionescadenzario\/#website","url":"https:\/\/www.sepanet.it\/software\/gestionescadenzario\/","name":"Software Gestione Scadenzario","description":"Il software gestionale completo per la gestione, la pianificazione ed il monitoraggio delle tue scadenze","potentialAction":[{"@type":"SearchAction","target":{"@type":"EntryPoint","urlTemplate":"https:\/\/www.sepanet.it\/software\/gestionescadenzario\/?s={search_term_string}"},"query-input":{"@type":"PropertyValueSpecification","valueRequired":true,"valueName":"search_term_string"}}],"inLanguage":"it-IT"}]}},"_links":{"self":[{"href":"https:\/\/www.sepanet.it\/software\/gestionescadenzario\/wp-json\/wp\/v2\/pages\/348","targetHints":{"allow":["GET"]}}],"collection":[{"href":"https:\/\/www.sepanet.it\/software\/gestionescadenzario\/wp-json\/wp\/v2\/pages"}],"about":[{"href":"https:\/\/www.sepanet.it\/software\/gestionescadenzario\/wp-json\/wp\/v2\/types\/page"}],"author":[{"embeddable":true,"href":"https:\/\/www.sepanet.it\/software\/gestionescadenzario\/wp-json\/wp\/v2\/users\/1"}],"replies":[{"embeddable":true,"href":"https:\/\/www.sepanet.it\/software\/gestionescadenzario\/wp-json\/wp\/v2\/comments?post=348"}],"version-history":[{"count":1,"href":"https:\/\/www.sepanet.it\/software\/gestionescadenzario\/wp-json\/wp\/v2\/pages\/348\/revisions"}],"predecessor-version":[{"id":391,"href":"https:\/\/www.sepanet.it\/software\/gestionescadenzario\/wp-json\/wp\/v2\/pages\/348\/revisions\/391"}],"wp:attachment":[{"href":"https:\/\/www.sepanet.it\/software\/gestionescadenzario\/wp-json\/wp\/v2\/media?parent=348"}],"curies":[{"name":"wp","href":"https:\/\/api.w.org\/{rel}","templated":true}]}}