{"id":67,"date":"2017-11-10T14:08:51","date_gmt":"2017-11-10T13:08:51","guid":{"rendered":"http:\/\/tag_link_site_url\/mesmerize\/"},"modified":"2025-06-06T14:43:56","modified_gmt":"2025-06-06T12:43:56","slug":"mesmerize","status":"publish","type":"page","link":"https:\/\/www.sepanet.it\/software\/gestionescadenzario\/","title":{"rendered":"Home"},"content":{"rendered":"<div  id=\"caratteristiche\" style=\"background-color: #ffffff; background-image: none;\" data-label=\"Caratteristiche\" data-id=\"overlappable-4\" data-export-id=\"overlappable-4\" data-category=\"overlappable\" class=\"overlappable-4 content-section content-section-spacing\" data-overlap=\"true\">\r\n<div  class=\"gridContainer\">\r\n<div  data-type=\"row\" class=\"row spaced-cols text-center\">\r\n<div  class=\"col-xs-12 col-sm-4 col-padding\">\r\n\r\n<i  class=\"fa icon shadow-large-black aligncenter color1 fa-calendar-check-o reverse round large\"> <\/i>\r\n<div  data-type=\"column\" class=\"\">\r\n<h5  class=\"\">TUTTE LE <b >SCADENZE SOTTO CONTROLLO<\/b><\/h5>\r\n<p  class=\"\">Tieni traccia di qualsiasi tipo di evento giornaliero, settimanale, mensile, annuale o relativo ai soli giorni lavorativi<\/p>\r\n\r\n<\/div>\r\n<\/div>\r\n<div  class=\"col-xs-12 col-sm-4 col-padding\">\r\n\r\n<i  class=\"fa icon shadow-large-black aligncenter color1 fa-address-book reverse round large\"> <\/i>\r\n<div  data-type=\"column\" class=\"\">\r\n<h5  class=\"\">GESTIONE <b >CONTATTI<\/b><\/h5>\r\n<p  class=\"\">Le tue scadenze possono eventualmente essere associate a un contatto e il programma ti consente anche la gestione dell\u2019anagrafica dei contatti<\/p>\r\n\r\n<\/div>\r\n<\/div>\r\n<div  class=\"col-xs-12 col-sm-4 col-padding\">\r\n\r\n<i  class=\"fa icon fa-magic large shadow-large-black round aligncenter reverse color1\"> <\/i>\r\n<div  data-type=\"column\" class=\"\">\r\n<h5  class=\"\"><b >SEMPLICE<\/b> ED <b >EFFICACE<\/b><\/h5>\r\n<p  class=\"\"> L\u2019interfaccia semplice, accattivante ed intuitiva&nbsp; garantisce una grande facilit\u00e0 d\u2019utilizzo ed un veloce apprendimento anche per i meno esperti<\/p>\r\n\r\n<\/div>\r\n<\/div>\r\n<\/div>\r\n<\/div>\r\n<\/div><div  id=\"il-software-1\" style=\"background-color: #f5fafd;\" data-label=\"Il software\" data-id=\"about-1\" data-export-id=\"about-1\" data-category=\"about\" class=\"about-1 content-section content-section-spacing\">\r\n<div  class=\"gridContainer\">\r\n<div  class=\"row text-center\">\r\n<div  class=\"section-title-col\" data-type=\"column\">\r\n<h5  class=\"\">IL SOFTWARE<\/h5>\r\n<h2  class=\"\">Gestione Scadenzario 1.0 \u00e8 il software ideale per&nbsp;<span  href=\"#\" style=\"font-weight: bold; font-family: Playfair Display, sans-serif; font-style: italic;\">tenere sotto controllo tutte le scadenze<\/span>, ricorrenti e non, di qualsiasi attivit\u00e0<\/h2>\r\n<a class=\"button color1\" href=\"https:\/\/www.sepanet.it\/software\/gestionescadenzario\/il-software\" target=\"_self\" data-cp-link=\"1\" rel=\"noopener\">SCARICA ORA<\/a><p  class=\"lead\">Gestione Scadenzario 1.0 \u00e8 programma gestionale semplice e di rapido utilizzo per gestire le scadenze, tenendo traccia di eventi giornalieri, settimanali, mensili, annuali o relativi ai soli giorni lavorativi<\/p>\r\n\r\n\r\n<a class=\"button blue\" href=\"https:\/\/www.sepanet.it\/software\/gestionescadenzario\/le-schermate\" target=\"_self\" data-cp-link=\"1\" rel=\"noopener\">VISUALIZZA LE SCHERMATE<\/a><\/div>\r\n<\/div>\r\n<div  class=\"row\">\r\n<div  class=\"bottom-xs center-xs col-xs flexbox image-group-bottom-3-img\"><img decoding=\"async\"  class=\"left-img shadow-large-black\" data-size=\"500x300\" src=\"https:\/\/www.sepanet.it\/software\/gestionescadenzario\/wp-content\/uploads\/sites\/2\/2021\/02\/cropped-011-1.png\" title=\"cropped-011-1.png\" alt=\"\"> <img decoding=\"async\"  class=\"center-img shadow-large-black\" data-size=\"500x300\" src=\"https:\/\/www.sepanet.it\/software\/gestionescadenzario\/wp-content\/uploads\/sites\/2\/2021\/02\/cropped-071.png\" title=\"cropped-071.png\" alt=\"\"> <img decoding=\"async\"  class=\"right-img shadow-large-black\" data-size=\"500x300\" src=\"https:\/\/www.sepanet.it\/software\/gestionescadenzario\/wp-content\/uploads\/sites\/2\/2021\/02\/cropped-031.png\" title=\"cropped-031.png\" alt=\"\"><\/div>\r\n<\/div>\r\n<\/div>\r\n<\/div><div  data-label=\"Scarica gratis\" data-id=\"content--1\" data-export-id=\"content-3\" data-category=\"content\" class=\"content-3 content-section content-section-spacing\" id=\"scarica-gratis\" style=\"background-color: rgb(245, 250, 253);\"><div > <div  class=\"row middle-xs\"><div  class=\"col-sm-7 full-col-left-padding full-col-right-padding\"> <div  class=\"row\"><div  data-type=\"column\" class=\"space-bottom-small content-title-col\">  <h2  class=\"\">Scarica la versione demo gratuita<\/h2> <p  class=\"\">Scarica gratis la versione dimostrativa di Gestione Scadenzario 1.0 e provane tutte le funzionalit\u00e0 per verificare se \u00e8 adeguato per le tue esigenze. La versione di valutazione consente di gestire al massimo cinque contatti ed al massimo cinque scadenze, cos\u00ec da consentire una valutazione complessiva del prodotto per verificare se \u00e8 conforme alle proprie necessit\u00e0.<\/p><\/div> <\/div> <div  class=\"row spaced-cols\" data-type=\"row\">  <div  class=\"col-xs-6\" data-type=\"column\"><a class=\"button blue\" href=\"https:\/\/www.sepanet.it\/software\/gestionescadenzario\/il-software\" target=\"_self\" data-cp-link=\"1\" rel=\"noopener\">Scarica gratis<\/a> <\/div>   <\/div><\/div> <div  class=\"col-sm-5 bg-image shadow-large-black revert-classes-holder\" data-bg=\"image\" style=\"background-image: url(&quot;https:\/\/www.sepanet.it\/software\/gestionescadenzario\/wp-content\/uploads\/sites\/2\/2021\/02\/cropped-cropped-15016641.jpg&quot;);\"><\/div><\/div> <\/div><\/div><div  id=\"registra\" style=\"background-color: #f5fafd;\" data-label=\"Registra\" data-id=\"content-2\" data-export-id=\"content-2\" data-category=\"content\" class=\"content-2 content-section content-section-spacing\">\r\n<div  class=\"\">\r\n<div  class=\"row middle-xs\">\r\n<div  class=\"col-sm-5 bg-image shadow-large-black\" data-bg=\"image\" style=\"background-image: url(&quot;https:\/\/www.sepanet.it\/software\/gestionescadenzario\/wp-content\/uploads\/sites\/2\/2021\/02\/cropped-cropped-unlock1-1.jpg&quot;);\"><\/div>\r\n<div  class=\"col-sm-7 full-col-left-padding full-col-right-padding\">\r\n<div  class=\"row\">\r\n<div  data-type=\"column\" class=\"space-bottom-small content-title-col\">\r\n\r\n<h2  class=\"\">Registra il software per usarlo senza limitazioni<\/h2>\r\n<p  class=\"\">Hai provato il software e hai verificato che si adegua bene alle tue necessit\u00e0? Per utilizzarlo senza pi\u00f9 limitazioni basta registrare il software. Otterrai il codice di sblocco e potrai utilizzarlo senza limiti di tempo. Il pagamento \u00e8 <b >una tantum<\/b> e non dovrai sostenere costi periodici: potrai usare il programma senza limiti di tempo o di volumi di dati gestibili.<\/p>\r\n\r\n<\/div>\r\n<\/div>\r\n<div  class=\"row spaced-cols \" data-type=\"row\">\r\n\r\n\r\n\r\n<div  class=\"col-xs-6\" data-type=\"column\"><a class=\"button blue\" href=\"https:\/\/www.sepanet.it\/software\/gestionescadenzario\/registrazione\" target=\"_self\" data-cp-link=\"1\" rel=\"noopener\">REGISTRA ORA<\/a>\r\n\r\n\r\n\r\n<\/div>\r\n<\/div>\r\n<\/div>\r\n<\/div>\r\n<\/div>\r\n<\/div><div  id=\"scarica-demo\" data-label=\"Scarica demo\" data-id=\"cta-blue-section\" data-export-id=\"cta-blue-section\" data-category=\"cta\" class=\"cta-blue-section content-section content-section-spacing-medium bg-color1 white-text\">\r\n<div  class=\"gridContainer\">\r\n<div  class=\"row middle-xs\">\r\n<div  class=\"col-sm-8 space-bottom-xs\" data-type=\"column\">\r\n<h2  class=\"\">Scarica la demo gratuita!<\/h2>\r\n<\/div>\r\n<div  class=\"col-sm-4 end-sm\" data-type=\"column\"><a class=\"button color2\" href=\"https:\/\/www.sepanet.it\/software\/gestionescadenzario\/il-software\" target=\"_self\" data-cp-link=\"1\" rel=\"noopener\"> SCARICA GRATIS <\/a><\/div>\r\n<\/div>\r\n<\/div>\r\n<\/div><div  data-label=\"Contatti\" data-id=\"contact--1\" data-export-id=\"contact-1\" data-category=\"contact\" class=\"contact-1 content-section content-section-spacing white-text\" data-parallax-depth=\"20\" id=\"contatti\" style=\"background-color: rgb(255, 255, 255);\"><div  class=\"gridContainer\"> <div  class=\"row text-center\"><div  class=\"section-title-col\" data-type=\"column\"> <h2  class=\"\">Dubbi? Contattaci!<\/h2> <p  class=\"lead\">Vuoi ricevere maggiori informazioni sul software? Ti invitiamo a compilare ed inviare il seguente modulo. Siamo pronti a chiarirti ogni dubbio!<\/p><\/div> <\/div> <div  class=\"row text-center\"> <div  class=\"col-xs-12 col-sm-8 col-sm-offset-2 contact-form-wrapper inline-info\"> <div  class=\"card large-padding\"> <div  class=\"\" data-content-shortcode=\"mesmerize_contact_form shortcode=&quot;wpforms id=&amp;amp;quot;405&amp;amp;quot; title=&amp;amp;quot;false&amp;amp;quot;&quot;\" data-editable=\"true\"><div class=\"wpforms-container wpforms-container-full\" id=\"wpforms-405\"><form id=\"wpforms-form-405\" class=\"wpforms-validate wpforms-form\" data-formid=\"405\" method=\"post\" enctype=\"multipart\/form-data\" action=\"\/software\/gestionescadenzario\/wp-json\/wp\/v2\/pages\/67\" data-token=\"cc9139334b88b60438ab5dcd636f9919\" data-token-time=\"1777597677\"><noscript class=\"wpforms-error-noscript\">Abilita JavaScript nel browser per completare questo modulo.<\/noscript><div class=\"wpforms-field-container\"><div id=\"wpforms-405-field_0-container\" class=\"wpforms-field wpforms-field-name\" data-field-id=\"0\"><label class=\"wpforms-field-label\" for=\"wpforms-405-field_0\">Nome <span class=\"wpforms-required-label\">*<\/span><\/label><input type=\"text\" id=\"wpforms-405-field_0\" class=\"wpforms-field-large wpforms-field-required\" name=\"wpforms[fields][0]\" required><\/div><div id=\"wpforms-405-field_1-container\" class=\"wpforms-field wpforms-field-email\" data-field-id=\"1\"><label class=\"wpforms-field-label\" for=\"wpforms-405-field_1\">Email <span class=\"wpforms-required-label\">*<\/span><\/label><input type=\"email\" id=\"wpforms-405-field_1\" class=\"wpforms-field-large wpforms-field-required\" name=\"wpforms[fields][1]\" spellcheck=\"false\" required><\/div><div id=\"wpforms-405-field_4-container\" class=\"wpforms-field wpforms-field-text\" data-field-id=\"4\"><label class=\"wpforms-field-label\" for=\"wpforms-405-field_4\">Oggetto<\/label><input type=\"text\" id=\"wpforms-405-field_4\" class=\"wpforms-field-large\" name=\"wpforms[fields][4]\" ><\/div><div id=\"wpforms-405-field_2-container\" class=\"wpforms-field wpforms-field-textarea\" data-field-id=\"2\"><label class=\"wpforms-field-label\" for=\"wpforms-405-field_2\">Messaggio <span class=\"wpforms-required-label\">*<\/span><\/label><textarea id=\"wpforms-405-field_2\" class=\"wpforms-field-large wpforms-field-required\" name=\"wpforms[fields][2]\" required><\/textarea><\/div><\/div><!-- .wpforms-field-container --><div class=\"wpforms-field wpforms-field-hp\"><label for=\"wpforms-405-field-hp\" class=\"wpforms-field-label\">Name<\/label><input type=\"text\" name=\"wpforms[hp]\" id=\"wpforms-405-field-hp\" class=\"wpforms-field-medium\"><\/div><div class=\"wpforms-submit-container\" ><input type=\"hidden\" name=\"wpforms[id]\" value=\"405\"><input type=\"hidden\" name=\"page_title\" value=\"\"><input type=\"hidden\" name=\"page_url\" value=\"https:\/\/www.sepanet.it\/software\/gestionescadenzario\/wp-json\/wp\/v2\/pages\/67\"><input type=\"hidden\" name=\"url_referer\" value=\"\"><button type=\"submit\" name=\"wpforms[submit]\" id=\"wpforms-submit-405\" class=\"wpforms-submit button color1\" data-alt-text=\"Sending...\" data-submit-text=\"Invia\" aria-live=\"assertive\" value=\"wpforms-submit\">Invia<\/button><\/div><\/form><\/div>  <!-- .wpforms-container --><\/div><\/div> <\/div><\/div> <\/div><\/div>","protected":false},"excerpt":{"rendered":"<p>TUTTE LE SCADENZE SOTTO CONTROLLO Tieni traccia di qualsiasi tipo di evento giornaliero, settimanale, mensile, annuale o relativo ai soli giorni lavorativi GESTIONE CONTATTI Le tue scadenze possono eventualmente essere associate a un contatto e il programma ti consente anche la gestione dell\u2019anagrafica dei contatti SEMPLICE ED EFFICACE L\u2019interfaccia semplice, accattivante ed intuitiva&nbsp; garantisce una&hellip; <br \/> <a class=\"read-more\" href=\"https:\/\/www.sepanet.it\/software\/gestionescadenzario\/\">Leggi tutto<\/a><\/p>\n","protected":false},"author":1,"featured_media":0,"parent":0,"menu_order":0,"comment_status":"closed","ping_status":"closed","template":"page-templates\/homepage.php","meta":{"footnotes":""},"class_list":["post-67","page","type-page","status-publish","hentry"],"yoast_head":"<!-- This site is optimized with the Yoast SEO plugin v24.7 - https:\/\/yoast.com\/wordpress\/plugins\/seo\/ -->\r\n<title>Software Gestione Scadenzario Programma gestionale scadenze<\/title>\r\n<meta name=\"description\" content=\"Software Gestione Scadenzario 1.0 per gestire e monitorare le scadenze. Programma gestionale per tenere tutte le scadenze sotto controllo.\" \/>\r\n<meta name=\"robots\" content=\"index, follow, max-snippet:-1, max-image-preview:large, max-video-preview:-1\" \/>\r\n<link rel=\"canonical\" href=\"https:\/\/www.sepanet.it\/software\/gestionescadenzario\/\" \/>\r\n<meta property=\"og:locale\" content=\"it_IT\" \/>\r\n<meta property=\"og:type\" content=\"article\" \/>\r\n<meta property=\"og:title\" content=\"Software Gestione Scadenzario Programma gestionale scadenze\" \/>\r\n<meta property=\"og:description\" content=\"Software Gestione Scadenzario 1.0 per gestire e monitorare le scadenze. Programma gestionale per tenere tutte le scadenze sotto controllo.\" \/>\r\n<meta property=\"og:url\" content=\"https:\/\/www.sepanet.it\/software\/gestionescadenzario\/\" \/>\r\n<meta property=\"og:site_name\" content=\"Software Gestione Scadenzario\" \/>\r\n<meta property=\"article:modified_time\" content=\"2025-06-06T12:43:56+00:00\" \/>\r\n<meta property=\"og:image\" content=\"https:\/\/www.sepanet.it\/software\/gestionescadenzario\/wp-content\/uploads\/sites\/2\/2021\/02\/cropped-011-1.png\" \/>\r\n<meta name=\"twitter:card\" content=\"summary_large_image\" \/>\r\n<meta name=\"twitter:label1\" content=\"Tempo di lettura stimato\" \/>\n\t<meta name=\"twitter:data1\" content=\"3 minuti\" \/>\r\n<script type=\"application\/ld+json\" class=\"yoast-schema-graph\">{\"@context\":\"https:\/\/schema.org\",\"@graph\":[{\"@type\":\"WebPage\",\"@id\":\"https:\/\/www.sepanet.it\/software\/gestionescadenzario\/\",\"url\":\"https:\/\/www.sepanet.it\/software\/gestionescadenzario\/\",\"name\":\"Software Gestione Scadenzario Programma gestionale scadenze\",\"isPartOf\":{\"@id\":\"https:\/\/www.sepanet.it\/software\/gestionescadenzario\/#website\"},\"primaryImageOfPage\":{\"@id\":\"https:\/\/www.sepanet.it\/software\/gestionescadenzario\/#primaryimage\"},\"image\":{\"@id\":\"https:\/\/www.sepanet.it\/software\/gestionescadenzario\/#primaryimage\"},\"thumbnailUrl\":\"https:\/\/www.sepanet.it\/software\/gestionescadenzario\/wp-content\/uploads\/sites\/2\/2021\/02\/cropped-011-1.png\",\"datePublished\":\"2017-11-10T13:08:51+00:00\",\"dateModified\":\"2025-06-06T12:43:56+00:00\",\"description\":\"Software Gestione Scadenzario 1.0 per gestire e monitorare le scadenze. Programma gestionale per tenere tutte le scadenze sotto controllo.\",\"breadcrumb\":{\"@id\":\"https:\/\/www.sepanet.it\/software\/gestionescadenzario\/#breadcrumb\"},\"inLanguage\":\"it-IT\",\"potentialAction\":[{\"@type\":\"ReadAction\",\"target\":[\"https:\/\/www.sepanet.it\/software\/gestionescadenzario\/\"]}]},{\"@type\":\"ImageObject\",\"inLanguage\":\"it-IT\",\"@id\":\"https:\/\/www.sepanet.it\/software\/gestionescadenzario\/#primaryimage\",\"url\":\"https:\/\/www.sepanet.it\/software\/gestionescadenzario\/wp-content\/uploads\/sites\/2\/2021\/02\/cropped-011-1.png\",\"contentUrl\":\"https:\/\/www.sepanet.it\/software\/gestionescadenzario\/wp-content\/uploads\/sites\/2\/2021\/02\/cropped-011-1.png\",\"width\":454,\"height\":286},{\"@type\":\"BreadcrumbList\",\"@id\":\"https:\/\/www.sepanet.it\/software\/gestionescadenzario\/#breadcrumb\",\"itemListElement\":[{\"@type\":\"ListItem\",\"position\":1,\"name\":\"Home\",\"item\":\"https:\/\/www.sepanet.it\/software\/gestionescadenzario\/\"},{\"@type\":\"ListItem\",\"position\":2,\"name\":\"Home\"}]},{\"@type\":\"WebSite\",\"@id\":\"https:\/\/www.sepanet.it\/software\/gestionescadenzario\/#website\",\"url\":\"https:\/\/www.sepanet.it\/software\/gestionescadenzario\/\",\"name\":\"Software Gestione Scadenzario\",\"description\":\"Il software gestionale completo per la gestione, la pianificazione ed il monitoraggio delle tue scadenze\",\"potentialAction\":[{\"@type\":\"SearchAction\",\"target\":{\"@type\":\"EntryPoint\",\"urlTemplate\":\"https:\/\/www.sepanet.it\/software\/gestionescadenzario\/?s={search_term_string}\"},\"query-input\":{\"@type\":\"PropertyValueSpecification\",\"valueRequired\":true,\"valueName\":\"search_term_string\"}}],\"inLanguage\":\"it-IT\"}]}<\/script>\r\n<!-- \/ Yoast SEO plugin. -->","yoast_head_json":{"title":"Software Gestione Scadenzario Programma gestionale scadenze","description":"Software Gestione Scadenzario 1.0 per gestire e monitorare le scadenze. Programma gestionale per tenere tutte le scadenze sotto controllo.","robots":{"index":"index","follow":"follow","max-snippet":"max-snippet:-1","max-image-preview":"max-image-preview:large","max-video-preview":"max-video-preview:-1"},"canonical":"https:\/\/www.sepanet.it\/software\/gestionescadenzario\/","og_locale":"it_IT","og_type":"article","og_title":"Software Gestione Scadenzario Programma gestionale scadenze","og_description":"Software Gestione Scadenzario 1.0 per gestire e monitorare le scadenze. Programma gestionale per tenere tutte le scadenze sotto controllo.","og_url":"https:\/\/www.sepanet.it\/software\/gestionescadenzario\/","og_site_name":"Software Gestione Scadenzario","article_modified_time":"2025-06-06T12:43:56+00:00","og_image":[{"url":"https:\/\/www.sepanet.it\/software\/gestionescadenzario\/wp-content\/uploads\/sites\/2\/2021\/02\/cropped-011-1.png","type":"","width":"","height":""}],"twitter_card":"summary_large_image","twitter_misc":{"Tempo di lettura stimato":"3 minuti"},"schema":{"@context":"https:\/\/schema.org","@graph":[{"@type":"WebPage","@id":"https:\/\/www.sepanet.it\/software\/gestionescadenzario\/","url":"https:\/\/www.sepanet.it\/software\/gestionescadenzario\/","name":"Software Gestione Scadenzario Programma gestionale scadenze","isPartOf":{"@id":"https:\/\/www.sepanet.it\/software\/gestionescadenzario\/#website"},"primaryImageOfPage":{"@id":"https:\/\/www.sepanet.it\/software\/gestionescadenzario\/#primaryimage"},"image":{"@id":"https:\/\/www.sepanet.it\/software\/gestionescadenzario\/#primaryimage"},"thumbnailUrl":"https:\/\/www.sepanet.it\/software\/gestionescadenzario\/wp-content\/uploads\/sites\/2\/2021\/02\/cropped-011-1.png","datePublished":"2017-11-10T13:08:51+00:00","dateModified":"2025-06-06T12:43:56+00:00","description":"Software Gestione Scadenzario 1.0 per gestire e monitorare le scadenze. Programma gestionale per tenere tutte le scadenze sotto controllo.","breadcrumb":{"@id":"https:\/\/www.sepanet.it\/software\/gestionescadenzario\/#breadcrumb"},"inLanguage":"it-IT","potentialAction":[{"@type":"ReadAction","target":["https:\/\/www.sepanet.it\/software\/gestionescadenzario\/"]}]},{"@type":"ImageObject","inLanguage":"it-IT","@id":"https:\/\/www.sepanet.it\/software\/gestionescadenzario\/#primaryimage","url":"https:\/\/www.sepanet.it\/software\/gestionescadenzario\/wp-content\/uploads\/sites\/2\/2021\/02\/cropped-011-1.png","contentUrl":"https:\/\/www.sepanet.it\/software\/gestionescadenzario\/wp-content\/uploads\/sites\/2\/2021\/02\/cropped-011-1.png","width":454,"height":286},{"@type":"BreadcrumbList","@id":"https:\/\/www.sepanet.it\/software\/gestionescadenzario\/#breadcrumb","itemListElement":[{"@type":"ListItem","position":1,"name":"Home","item":"https:\/\/www.sepanet.it\/software\/gestionescadenzario\/"},{"@type":"ListItem","position":2,"name":"Home"}]},{"@type":"WebSite","@id":"https:\/\/www.sepanet.it\/software\/gestionescadenzario\/#website","url":"https:\/\/www.sepanet.it\/software\/gestionescadenzario\/","name":"Software Gestione Scadenzario","description":"Il software gestionale completo per la gestione, la pianificazione ed il monitoraggio delle tue scadenze","potentialAction":[{"@type":"SearchAction","target":{"@type":"EntryPoint","urlTemplate":"https:\/\/www.sepanet.it\/software\/gestionescadenzario\/?s={search_term_string}"},"query-input":{"@type":"PropertyValueSpecification","valueRequired":true,"valueName":"search_term_string"}}],"inLanguage":"it-IT"}]}},"_links":{"self":[{"href":"https:\/\/www.sepanet.it\/software\/gestionescadenzario\/wp-json\/wp\/v2\/pages\/67","targetHints":{"allow":["GET"]}}],"collection":[{"href":"https:\/\/www.sepanet.it\/software\/gestionescadenzario\/wp-json\/wp\/v2\/pages"}],"about":[{"href":"https:\/\/www.sepanet.it\/software\/gestionescadenzario\/wp-json\/wp\/v2\/types\/page"}],"author":[{"embeddable":true,"href":"https:\/\/www.sepanet.it\/software\/gestionescadenzario\/wp-json\/wp\/v2\/users\/1"}],"replies":[{"embeddable":true,"href":"https:\/\/www.sepanet.it\/software\/gestionescadenzario\/wp-json\/wp\/v2\/comments?post=67"}],"version-history":[{"count":13,"href":"https:\/\/www.sepanet.it\/software\/gestionescadenzario\/wp-json\/wp\/v2\/pages\/67\/revisions"}],"predecessor-version":[{"id":427,"href":"https:\/\/www.sepanet.it\/software\/gestionescadenzario\/wp-json\/wp\/v2\/pages\/67\/revisions\/427"}],"wp:attachment":[{"href":"https:\/\/www.sepanet.it\/software\/gestionescadenzario\/wp-json\/wp\/v2\/media?parent=67"}],"curies":[{"name":"wp","href":"https:\/\/api.w.org\/{rel}","templated":true}]}}